{"id":4296,"date":"2023-11-09T11:16:10","date_gmt":"2023-11-09T16:16:10","guid":{"rendered":"https:\/\/www.portvalleyfield.com\/politique-de-confidentialite\/"},"modified":"2023-11-09T11:57:54","modified_gmt":"2023-11-09T16:57:54","slug":"privacy-policy","status":"publish","type":"page","link":"https:\/\/www.portvalleyfield.com\/en\/privacy-policy\/","title":{"rendered":"Privacy Policy"},"content":{"rendered":"\t\t<div data-elementor-type=\"wp-page\" data-elementor-id=\"4296\" class=\"elementor elementor-4296 elementor-4284\">\n\t\t\t\t\t\t<section class=\"elementor-section elementor-top-section elementor-element elementor-element-c644c40 elementor-section-boxed elementor-section-height-default elementor-section-height-default\" data-id=\"c644c40\" data-element_type=\"section\" data-e-type=\"section\">\n\t\t\t\t\t\t<div class=\"elementor-container elementor-column-gap-default\">\n\t\t\t\t\t<div class=\"elementor-column elementor-col-100 elementor-top-column elementor-element elementor-element-ab5a030\" data-id=\"ab5a030\" data-element_type=\"column\" data-e-type=\"column\">\n\t\t\t<div class=\"elementor-widget-wrap elementor-element-populated\">\n\t\t\t\t\t\t<div class=\"elementor-element elementor-element-d04aed3 elementor-widget elementor-widget-text-editor\" data-id=\"d04aed3\" data-element_type=\"widget\" data-e-type=\"widget\" data-widget_type=\"text-editor.default\">\n\t\t\t\t<div class=\"elementor-widget-container\">\n\t\t\t\t\t\t\t\t\t<h4>Terms of Use<\/h4>\nBy continuing your access to this site, you acknowledge that you have accepted to comply with the terms and conditions stated below. Please note that the Soci\u00e9t\u00e9 du Port de Valleyfield reserves the right to modify these terms and conditions from time to time, and it is your responsibility to consult them each time you use this site.\t\t\t\t\t\t\t\t<\/div>\n\t\t\t\t<\/div>\n\t\t\t\t<div class=\"elementor-element elementor-element-0c969e3 elementor-widget elementor-widget-text-editor\" data-id=\"0c969e3\" data-element_type=\"widget\" data-e-type=\"widget\" data-widget_type=\"text-editor.default\">\n\t\t\t\t<div class=\"elementor-widget-container\">\n\t\t\t\t\t\t\t\t\t<h4>Copyright<\/h4>\nAll documents published or accessible through this site, including, but not limited to, text, photos, images, illustrations, software, and other content, are protected by copyright. They either belong to the Soci\u00e9t\u00e9 du Port de Valleyfield or are owned by third parties with rights, in accordance with agreements concluded with the Soci\u00e9t\u00e9 du Port de Valleyfield, or they are used under license. Unless otherwise indicated, any form of reproduction, modification, redistribution, publication, transmission, transfer, sale, distribution, performance, display, or exploitation of this site, in whole or in part, without the prior permission of the rights holders constitutes a copyright violation and may result in penalties.\t\t\t\t\t\t\t\t<\/div>\n\t\t\t\t<\/div>\n\t\t\t\t<div class=\"elementor-element elementor-element-23b515a elementor-widget elementor-widget-text-editor\" data-id=\"23b515a\" data-element_type=\"widget\" data-e-type=\"widget\" data-widget_type=\"text-editor.default\">\n\t\t\t\t<div class=\"elementor-widget-container\">\n\t\t\t\t\t\t\t\t\t<h4>Personal Information<\/h4><p>Certain personal information, such as your name, first name, address, and email address, may be requested from you. This personal information will only be used in accordance with the purposes described on the site or in accordance with the applicable laws of the province of Quebec or Canada. You have the right, at any time, to request that this information be removed or corrected from the Valleyfield Port Company&#8217;s database by sending a notice to that effect by email to the following address: <a href=\"mailto:info@portvalleyfield.com\">info@portvalleyfield.com<\/a>, addressed to Mrs. Isabelle Viau, Director of Operations &amp; Development and responsible for personal information protection. However, please note that any unsolicited documentation or information sent to the Soci\u00e9t\u00e9 du Port de Valleyfield will be considered non-confidential and may be used, reproduced, displayed, modified, transmitted, and distributed by the Soci\u00e9t\u00e9 du Port de Valleyfield for any purpose.<\/p>\t\t\t\t\t\t\t\t<\/div>\n\t\t\t\t<\/div>\n\t\t\t\t<div class=\"elementor-element elementor-element-af17387 elementor-widget elementor-widget-text-editor\" data-id=\"af17387\" data-element_type=\"widget\" data-e-type=\"widget\" data-widget_type=\"text-editor.default\">\n\t\t\t\t<div class=\"elementor-widget-container\">\n\t\t\t\t\t\t\t\t\t<h4>Access rights<\/h4><p>Any person has the right to be informed of the existence of any personal information concerning them held in a file;<\/p><p>Any person concerned may request to receive information related to any personal information held by the Soci\u00e9t\u00e9 du Port de Valleyfield concerning them;<\/p><p>The access of a person concerned to any personal information concerning them is free. However, fees not exceeding the cost of transcription, reproduction, and transmission of personal information may be required from that person;<\/p><p>When the Soci\u00e9t\u00e9 du Port de Valleyfield intends to charge fees, it must inform the person concerned of the approximate amount that will be required before proceeding with the transcription, reproduction, or transmission of the document.<\/p>\t\t\t\t\t\t\t\t<\/div>\n\t\t\t\t<\/div>\n\t\t\t\t<div class=\"elementor-element elementor-element-e8db97c elementor-widget elementor-widget-text-editor\" data-id=\"e8db97c\" data-element_type=\"widget\" data-e-type=\"widget\" data-widget_type=\"text-editor.default\">\n\t\t\t\t<div class=\"elementor-widget-container\">\n\t\t\t\t\t\t\t\t\t<h4>Disclaimer of Warranty and Liability<\/h4><p>This site and all the information it contains are provided &#8220;as is&#8221; without warranty, express or implied. The information contained on this site may contain inaccuracies or omissions. Periodic updates of the information provided on this site may be made.<\/p><p>The internet does not yet allow for entirely secure and confidential communication. There are risks of interception, loss, and alteration of exchanged data. You acknowledge and accept that the Soci\u00e9t\u00e9 du Port de Valleyfield cannot be held responsible in any way for damages resulting from the malfunction of any computer component, software, or communication line, regarding the loss of communication or lack of network communication, or in case of faulty, incomplete, incomprehensible, or erased transmission by any computer or network. Furthermore, you acknowledge that the Soci\u00e9t\u00e9 du Port de Valleyfield cannot be held responsible for any damage or loss that may result directly or indirectly, in whole or in part, from the downloading of any software or form and the transmission of any information on this site, if applicable.<\/p><p>This site provides access, through hyperlinks, to other sites. Unless otherwise indicated, these sites are independently developed by third parties, and la Soci\u00e9t\u00e9 du Port de Valleyfield has no control over them. The Soci\u00e9t\u00e9 du Port de Valleyfield does not verify the content of these sites. Therefore, the Soci\u00e9t\u00e9 du Port de Valleyfield does not guarantee the content and management of these sites. The inclusion of information, documents, content, or links on this site should not be interpreted as an explicit or implicit endorsement of the products or services of third parties.<\/p><p>The Soci\u00e9t\u00e9 du Port de Valleyfield will in no way be liable, whether for this site or for any other linked site, with respect to any party or for any damage or harm.<\/p><p>This policy has been in effect since September 22, 2023.<\/p>\t\t\t\t\t\t\t\t<\/div>\n\t\t\t\t<\/div>\n\t\t\t\t\t<\/div>\n\t\t<\/div>\n\t\t\t\t\t<\/div>\n\t\t<\/section>\n\t\t\t\t<\/div>\n\t\t","protected":false},"excerpt":{"rendered":"<p>Terms of Use By continuing your access to this site, you acknowledge that you have accepted to comply with the terms and conditions stated below. Please note that the Soci\u00e9t\u00e9 du Port de Valleyfield reserves the right to modify these terms and conditions from time to time, and it is your responsibility to consult them [&hellip;]<\/p>\n","protected":false},"author":2,"featured_media":0,"parent":0,"menu_order":0,"comment_status":"closed","ping_status":"closed","template":"port-elementor-template.php","meta":{"_acf_changed":false,"footnotes":""},"class_list":["post-4296","page","type-page","status-publish","hentry"],"acf":[],"yoast_head":"<!-- This site is optimized with the Yoast SEO plugin v27.4 - https:\/\/yoast.com\/product\/yoast-seo-wordpress\/ -->\n<title>Privacy Policy - Port-de-Valleyfield<\/title>\n<meta name=\"robots\" content=\"index, follow, max-snippet:-1, max-image-preview:large, max-video-preview:-1\" \/>\n<link rel=\"canonical\" href=\"https:\/\/www.portvalleyfield.com\/en\/privacy-policy\/\" \/>\n<meta property=\"og:locale\" content=\"en_US\" \/>\n<meta property=\"og:type\" content=\"article\" \/>\n<meta property=\"og:title\" content=\"Privacy Policy - Port-de-Valleyfield\" \/>\n<meta property=\"og:description\" content=\"Terms of Use By continuing your access to this site, you acknowledge that you have accepted to comply with the terms and conditions stated below. Please note that the Soci\u00e9t\u00e9 du Port de Valleyfield reserves the right to modify these terms and conditions from time to time, and it is your responsibility to consult them [&hellip;]\" \/>\n<meta property=\"og:url\" content=\"https:\/\/www.portvalleyfield.com\/en\/privacy-policy\/\" \/>\n<meta property=\"og:site_name\" content=\"Port-de-Valleyfield\" \/>\n<meta property=\"article:modified_time\" content=\"2023-11-09T16:57:54+00:00\" \/>\n<meta property=\"og:image\" content=\"https:\/\/www.portvalleyfield.com\/wp-content\/uploads\/2022\/05\/img-facebook.jpg\" \/>\n\t<meta property=\"og:image:width\" content=\"1200\" \/>\n\t<meta property=\"og:image:height\" content=\"630\" \/>\n\t<meta property=\"og:image:type\" content=\"image\/jpeg\" \/>\n<meta name=\"twitter:card\" content=\"summary_large_image\" \/>\n<meta name=\"twitter:label1\" content=\"Est. reading time\" \/>\n\t<meta name=\"twitter:data1\" content=\"4 minutes\" \/>\n<script type=\"application\/ld+json\" class=\"yoast-schema-graph\">{\"@context\":\"https:\\\/\\\/schema.org\",\"@graph\":[{\"@type\":\"WebPage\",\"@id\":\"https:\\\/\\\/www.portvalleyfield.com\\\/en\\\/privacy-policy\\\/\",\"url\":\"https:\\\/\\\/www.portvalleyfield.com\\\/en\\\/privacy-policy\\\/\",\"name\":\"Privacy Policy - Port-de-Valleyfield\",\"isPartOf\":{\"@id\":\"https:\\\/\\\/www.portvalleyfield.com\\\/#website\"},\"datePublished\":\"2023-11-09T16:16:10+00:00\",\"dateModified\":\"2023-11-09T16:57:54+00:00\",\"breadcrumb\":{\"@id\":\"https:\\\/\\\/www.portvalleyfield.com\\\/en\\\/privacy-policy\\\/#breadcrumb\"},\"inLanguage\":\"en-US\",\"potentialAction\":[{\"@type\":\"ReadAction\",\"target\":[\"https:\\\/\\\/www.portvalleyfield.com\\\/en\\\/privacy-policy\\\/\"]}]},{\"@type\":\"BreadcrumbList\",\"@id\":\"https:\\\/\\\/www.portvalleyfield.com\\\/en\\\/privacy-policy\\\/#breadcrumb\",\"itemListElement\":[{\"@type\":\"ListItem\",\"position\":1,\"name\":\"Home\",\"item\":\"https:\\\/\\\/www.portvalleyfield.com\\\/en\\\/\"},{\"@type\":\"ListItem\",\"position\":2,\"name\":\"Privacy Policy\"}]},{\"@type\":\"WebSite\",\"@id\":\"https:\\\/\\\/www.portvalleyfield.com\\\/#website\",\"url\":\"https:\\\/\\\/www.portvalleyfield.com\\\/\",\"name\":\"Port-de-Valleyfield\",\"description\":\"\",\"potentialAction\":[{\"@type\":\"SearchAction\",\"target\":{\"@type\":\"EntryPoint\",\"urlTemplate\":\"https:\\\/\\\/www.portvalleyfield.com\\\/?s={search_term_string}\"},\"query-input\":{\"@type\":\"PropertyValueSpecification\",\"valueRequired\":true,\"valueName\":\"search_term_string\"}}],\"inLanguage\":\"en-US\"}]}<\/script>\n<!-- \/ Yoast SEO plugin. -->","yoast_head_json":{"title":"Privacy Policy - Port-de-Valleyfield","robots":{"index":"index","follow":"follow","max-snippet":"max-snippet:-1","max-image-preview":"max-image-preview:large","max-video-preview":"max-video-preview:-1"},"canonical":"https:\/\/www.portvalleyfield.com\/en\/privacy-policy\/","og_locale":"en_US","og_type":"article","og_title":"Privacy Policy - Port-de-Valleyfield","og_description":"Terms of Use By continuing your access to this site, you acknowledge that you have accepted to comply with the terms and conditions stated below. Please note that the Soci\u00e9t\u00e9 du Port de Valleyfield reserves the right to modify these terms and conditions from time to time, and it is your responsibility to consult them [&hellip;]","og_url":"https:\/\/www.portvalleyfield.com\/en\/privacy-policy\/","og_site_name":"Port-de-Valleyfield","article_modified_time":"2023-11-09T16:57:54+00:00","og_image":[{"width":1200,"height":630,"url":"https:\/\/www.portvalleyfield.com\/wp-content\/uploads\/2022\/05\/img-facebook.jpg","type":"image\/jpeg"}],"twitter_card":"summary_large_image","twitter_misc":{"Est. reading time":"4 minutes"},"schema":{"@context":"https:\/\/schema.org","@graph":[{"@type":"WebPage","@id":"https:\/\/www.portvalleyfield.com\/en\/privacy-policy\/","url":"https:\/\/www.portvalleyfield.com\/en\/privacy-policy\/","name":"Privacy Policy - Port-de-Valleyfield","isPartOf":{"@id":"https:\/\/www.portvalleyfield.com\/#website"},"datePublished":"2023-11-09T16:16:10+00:00","dateModified":"2023-11-09T16:57:54+00:00","breadcrumb":{"@id":"https:\/\/www.portvalleyfield.com\/en\/privacy-policy\/#breadcrumb"},"inLanguage":"en-US","potentialAction":[{"@type":"ReadAction","target":["https:\/\/www.portvalleyfield.com\/en\/privacy-policy\/"]}]},{"@type":"BreadcrumbList","@id":"https:\/\/www.portvalleyfield.com\/en\/privacy-policy\/#breadcrumb","itemListElement":[{"@type":"ListItem","position":1,"name":"Home","item":"https:\/\/www.portvalleyfield.com\/en\/"},{"@type":"ListItem","position":2,"name":"Privacy Policy"}]},{"@type":"WebSite","@id":"https:\/\/www.portvalleyfield.com\/#website","url":"https:\/\/www.portvalleyfield.com\/","name":"Port-de-Valleyfield","description":"","potentialAction":[{"@type":"SearchAction","target":{"@type":"EntryPoint","urlTemplate":"https:\/\/www.portvalleyfield.com\/?s={search_term_string}"},"query-input":{"@type":"PropertyValueSpecification","valueRequired":true,"valueName":"search_term_string"}}],"inLanguage":"en-US"}]}},"_links":{"self":[{"href":"https:\/\/www.portvalleyfield.com\/en\/wp-json\/wp\/v2\/pages\/4296","targetHints":{"allow":["GET"]}}],"collection":[{"href":"https:\/\/www.portvalleyfield.com\/en\/wp-json\/wp\/v2\/pages"}],"about":[{"href":"https:\/\/www.portvalleyfield.com\/en\/wp-json\/wp\/v2\/types\/page"}],"author":[{"embeddable":true,"href":"https:\/\/www.portvalleyfield.com\/en\/wp-json\/wp\/v2\/users\/2"}],"replies":[{"embeddable":true,"href":"https:\/\/www.portvalleyfield.com\/en\/wp-json\/wp\/v2\/comments?post=4296"}],"version-history":[{"count":5,"href":"https:\/\/www.portvalleyfield.com\/en\/wp-json\/wp\/v2\/pages\/4296\/revisions"}],"predecessor-version":[{"id":4302,"href":"https:\/\/www.portvalleyfield.com\/en\/wp-json\/wp\/v2\/pages\/4296\/revisions\/4302"}],"wp:attachment":[{"href":"https:\/\/www.portvalleyfield.com\/en\/wp-json\/wp\/v2\/media?parent=4296"}],"curies":[{"name":"wp","href":"https:\/\/api.w.org\/{rel}","templated":true}]}}